{"id":2627,"date":"2023-07-05T13:32:38","date_gmt":"2023-07-05T13:32:38","guid":{"rendered":"https:\/\/tuinflex.nl\/senden\/"},"modified":"2023-07-05T13:32:38","modified_gmt":"2023-07-05T13:32:38","slug":"senden","status":"publish","type":"page","link":"https:\/\/tuinflex.nl\/de\/kundenservice\/senden\/","title":{"rendered":"Senden"},"content":{"rendered":"\t\t<div data-elementor-type=\"wp-page\" data-elementor-id=\"2627\" class=\"elementor elementor-2627 elementor-2533\" data-elementor-post-type=\"page\">\n\t\t\t\t\t\t<section class=\"elementor-section elementor-top-section elementor-element elementor-element-cda491e elementor-section-stretched elementor-section-boxed elementor-section-height-default elementor-section-height-default\" data-id=\"cda491e\" data-element_type=\"section\" data-e-type=\"section\" data-settings=\"{&quot;stretch_section&quot;:&quot;section-stretched&quot;}\">\n\t\t\t\t\t\t<div class=\"elementor-container elementor-column-gap-default\">\n\t\t\t\t\t<div class=\"elementor-column elementor-col-100 elementor-top-column elementor-element elementor-element-fb06dcb\" data-id=\"fb06dcb\" data-element_type=\"column\" data-e-type=\"column\">\n\t\t\t<div class=\"elementor-widget-wrap elementor-element-populated\">\n\t\t\t\t\t\t<div class=\"elementor-element elementor-element-ed6c99b elementor-widget elementor-widget-heading\" data-id=\"ed6c99b\" data-element_type=\"widget\" data-e-type=\"widget\" data-widget_type=\"heading.default\">\n\t\t\t\t<div class=\"elementor-widget-container\">\n\t\t\t\t\t<h2 class=\"elementor-heading-title elementor-size-default\">Senden<\/h2>\t\t\t\t<\/div>\n\t\t\t\t<\/div>\n\t\t\t\t<div class=\"elementor-element elementor-element-d83f4d9 elementor-widget elementor-widget-text-editor\" data-id=\"d83f4d9\" data-element_type=\"widget\" data-e-type=\"widget\" data-widget_type=\"text-editor.default\">\n\t\t\t\t<div class=\"elementor-widget-container\">\n\t\t\t\t\t\t\t\t\t<p>F\u00fcr den Versand Ihrer Tylen-Schl\u00e4uche stapeln wir diese auf einer Europalette mit den Ma\u00dfen (L) 100 x (B) 120 x (H) 170. Manchmal ragen die Rollen ein wenig \u00fcber die Palette hinaus.<\/p>\n<p>Wir lassen 1 bis 4 Paletten von Quicargo transportieren, der #1 Online-Logistik- und Transportplattform f\u00fcr den Stra\u00dfentransport.<\/p>\n<ul>\n<li>1 Palette mit Quicargo: 52,50 \u20ac<\/li>\n<li>2 Paletten mit Quicargo: 99,50 \u20ac<\/li>\n<li>3 Paletten mit Quicargo: 128,50 \u20ac<\/li>\n<li>4 Paletten mit Quicargo: 187,00 \u20ac<\/li>\n<\/ul>\n<p><strong>Hinweis:<\/strong> Quicargo bef\u00f6rdert zu diesen Tarifen nicht zu den Wattenmeerinseln, wohl aber nach Seel\u00e4ndisch Flandern. W\u00fcnschen Sie eine Lieferung auf die Wattenmeerinseln oder sind Sie ein ausl\u00e4ndischer K\u00e4ufer? Dann kontaktieren Sie uns f\u00fcr ein Angebot.<\/p>\n<p><strong>Mehr als 5 Paletten?<\/strong><br \/>\nAb 5 Paletten lassen wir die Schl\u00e4uche von St vd Brink transportieren.<\/p>\n<ul>\n<li>5 Paletten mit St vd Brink: 214,00 \u20ac<\/li>\n<li>6 Paletten mit St vd Brink: 232,50 \u20ac<\/li>\n<li>7 Paletten mit St vd Brink: 260,00 \u20ac<\/li>\n<li>8 Paletten mit St vd Brink: 280,00 \u20ac<\/li>\n<\/ul>\n<p>Hinweis: St vd Brink bef\u00f6rdert zu diesen Tarifen nicht auf die Wattenmeerinseln &amp; nach Seel\u00e4ndisch Flandern. W\u00fcnschen Sie eine Lieferung auf die Wattenmeerinseln, nach Seel\u00e4ndisch Flandern oder sind Sie ein ausl\u00e4ndischer Kunde? Dann kontaktieren Sie uns f\u00fcr ein Angebot.<\/p>\n<p><strong>Erreichbarkeit Entladeadresse<\/strong><br \/>\nBitte geben Sie bei der Bestellung an, wie man die Entladeadresse erreicht. Kann die Anlieferung per LKW mit Anh\u00e4nger erfolgen oder ist die Adresse nur per Transporter erreichbar?<\/p>\n<p><strong>Anforderungen an die Lieferung<\/strong><br \/>\nWenn es m\u00f6glich ist, die Tyleen-Schl\u00e4uche \u00fcber eine Ladebordwand mit einem Pumpwagen anzuliefern, fallen keine zus\u00e4tzlichen Kosten an. F\u00fcr die Entladung an der Seite oder mit einem Gitterboxanh\u00e4nger berechnen wir die zus\u00e4tzlichen Kosten des Spediteurs.<\/p>\n<p><strong>M\u00f6chten Sie die Ladung lieber selbst abholen?<\/strong><br \/>\nNat\u00fcrlich ist es auch m\u00f6glich, Ihre Bestellung nach der Bezahlung selbst in Ermelo abzuholen. Kontaktieren Sie uns, damit wir gemeinsam einen passenden Termin vereinbaren k\u00f6nnen.<\/p>\n<p><strong>Lieferzeiten<\/strong><br \/>\nWir bem\u00fchen uns, Ihre Bestellung innerhalb von 3 Arbeitstagen zu liefern.<\/p>\n\t\t\t\t\t\t\t\t<\/div>\n\t\t\t\t<\/div>\n\t\t\t\t\t<\/div>\n\t\t<\/div>\n\t\t\t\t\t<\/div>\n\t\t<\/section>\n\t\t\t\t<\/div>\n\t\t","protected":false},"excerpt":{"rendered":"<p>Senden F\u00fcr den Versand Ihrer Tylen-Schl\u00e4uche stapeln wir diese auf einer Europalette mit den Ma\u00dfen (L) 100 x (B) 120 x (H) 170. Manchmal ragen die Rollen ein wenig \u00fcber die Palette hinaus. Wir lassen 1 bis 4 Paletten von Quicargo transportieren, der #1 Online-Logistik- und Transportplattform f\u00fcr den Stra\u00dfentransport. 1 Palette mit Quicargo: 52,50 [&hellip;]<\/p>\n","protected":false},"author":1,"featured_media":0,"parent":2633,"menu_order":0,"comment_status":"closed","ping_status":"closed","template":"","meta":{"footnotes":""},"class_list":["post-2627","page","type-page","status-publish","hentry"],"_links":{"self":[{"href":"https:\/\/tuinflex.nl\/de\/wp-json\/wp\/v2\/pages\/2627","targetHints":{"allow":["GET"]}}],"collection":[{"href":"https:\/\/tuinflex.nl\/de\/wp-json\/wp\/v2\/pages"}],"about":[{"href":"https:\/\/tuinflex.nl\/de\/wp-json\/wp\/v2\/types\/page"}],"author":[{"embeddable":true,"href":"https:\/\/tuinflex.nl\/de\/wp-json\/wp\/v2\/users\/1"}],"replies":[{"embeddable":true,"href":"https:\/\/tuinflex.nl\/de\/wp-json\/wp\/v2\/comments?post=2627"}],"version-history":[{"count":1,"href":"https:\/\/tuinflex.nl\/de\/wp-json\/wp\/v2\/pages\/2627\/revisions"}],"predecessor-version":[{"id":2628,"href":"https:\/\/tuinflex.nl\/de\/wp-json\/wp\/v2\/pages\/2627\/revisions\/2628"}],"up":[{"embeddable":true,"href":"https:\/\/tuinflex.nl\/de\/wp-json\/wp\/v2\/pages\/2633"}],"wp:attachment":[{"href":"https:\/\/tuinflex.nl\/de\/wp-json\/wp\/v2\/media?parent=2627"}],"curies":[{"name":"wp","href":"https:\/\/api.w.org\/{rel}","templated":true}]}}