{"id":2629,"date":"2023-07-05T13:33:34","date_gmt":"2023-07-05T13:33:34","guid":{"rendered":"https:\/\/tuinflex.nl\/zahlung\/"},"modified":"2023-07-05T13:33:34","modified_gmt":"2023-07-05T13:33:34","slug":"zahlung","status":"publish","type":"page","link":"https:\/\/tuinflex.nl\/de\/kundenservice\/zahlung\/","title":{"rendered":"Zahlung"},"content":{"rendered":"\t\t<div data-elementor-type=\"wp-page\" data-elementor-id=\"2629\" class=\"elementor elementor-2629 elementor-2528\" data-elementor-post-type=\"page\">\n\t\t\t\t\t\t<section class=\"elementor-section elementor-top-section elementor-element elementor-element-cda491e elementor-section-stretched elementor-section-boxed elementor-section-height-default elementor-section-height-default\" data-id=\"cda491e\" data-element_type=\"section\" data-e-type=\"section\" data-settings=\"{&quot;stretch_section&quot;:&quot;section-stretched&quot;}\">\n\t\t\t\t\t\t<div class=\"elementor-container elementor-column-gap-default\">\n\t\t\t\t\t<div class=\"elementor-column elementor-col-100 elementor-top-column elementor-element elementor-element-fb06dcb\" data-id=\"fb06dcb\" data-element_type=\"column\" data-e-type=\"column\">\n\t\t\t<div class=\"elementor-widget-wrap elementor-element-populated\">\n\t\t\t\t\t\t<div class=\"elementor-element elementor-element-ed6c99b elementor-widget elementor-widget-heading\" data-id=\"ed6c99b\" data-element_type=\"widget\" data-e-type=\"widget\" data-widget_type=\"heading.default\">\n\t\t\t\t<div class=\"elementor-widget-container\">\n\t\t\t\t\t<h2 class=\"elementor-heading-title elementor-size-default\">Zahlung<\/h2>\t\t\t\t<\/div>\n\t\t\t\t<\/div>\n\t\t\t\t<div class=\"elementor-element elementor-element-d83f4d9 elementor-widget elementor-widget-text-editor\" data-id=\"d83f4d9\" data-element_type=\"widget\" data-e-type=\"widget\" data-widget_type=\"text-editor.default\">\n\t\t\t\t<div class=\"elementor-widget-container\">\n\t\t\t\t\t\t\t\t\t<p><b>Einfache und sichere Zahlung mit iDEAL\u00a0<\/b><span class=\"Apple-converted-space\">\u00a0<\/span><\/p>\n<p>Bei Tuinflex.nl bieten wir Ihnen die M\u00f6glichkeit, sicher und einfach online mit iDEAL zu bezahlen. Mit iDEAL bezahlen Sie in der vertrauten Online-Banking-Umgebung Ihrer Bank. Mit iDEAL bezahlen Sie in der vertrauten Online-Banking-Umgebung Ihrer Bank.<span class=\"Apple-converted-space\">\u00a0<\/span><\/p>\n<p>Sie k\u00f6nnen iDEAL direkt nutzen, wenn Sie Online-Banking bei einer der folgenden Banken nutzen:<span class=\"Apple-converted-space\">\u00a0<\/span><\/p>\n<ul>\n<li>ABN AMRO<span class=\"Apple-converted-space\">\u00a0<\/span><\/li>\n<li>ASN Bank<span class=\"Apple-converted-space\">\u00a0<\/span><\/li>\n<li>bunq<span class=\"Apple-converted-space\">\u00a0<\/span><\/li>\n<li>ING<span class=\"Apple-converted-space\">\u00a0<\/span><\/li>\n<li>Knab<span class=\"Apple-converted-space\">\u00a0<\/span><\/li>\n<li>Rabobank<span class=\"Apple-converted-space\">\u00a0<\/span><\/li>\n<li>RegioBank<span class=\"Apple-converted-space\">\u00a0<\/span><\/li>\n<li>Revolut<span class=\"Apple-converted-space\">\u00a0<\/span><\/li>\n<li>SNS<span class=\"Apple-converted-space\">\u00a0<\/span><\/li>\n<li>Triodos Bank<span class=\"Apple-converted-space\">\u00a0<\/span><\/li>\n<li>Van Lanschot<span class=\"Apple-converted-space\">\u00a0<\/span><\/li>\n<li>Yoursafe<span class=\"Apple-converted-space\">\u00a0<\/span><\/li>\n<\/ul>\n<p><strong>Gut zu wissen:<\/strong> Der Name dieser Art der Online-Zahlung enth\u00e4lt eine Reihe von Wortspielen, n\u00e4mlich: i-deal (ein Gesch\u00e4ft \u00fcber das Internet), I deal (englisch, ich handle) und ideal (englisch, ideal).<span class=\"Apple-converted-space\">\u00a0<\/span><\/p>\n<p>Die Verwendung von iDeal bietet mehrere Vorteile gegen\u00fcber anderen Online-Zahlungsmethoden:<span class=\"Apple-converted-space\">\u00a0<\/span><\/p>\n<ul>\n<li>iDEAL ist eine zuverl\u00e4ssige und sichere Zahlungsmethode per Online-Banking.<span class=\"Apple-converted-space\">\u00a0<\/span><\/li>\n<li>Die Zahlung mit iDEAL kann sofort erfolgen, ohne dass Sie sich registrieren, Dateien herunterladen oder ein Konto anlegen m\u00fcssen.<span class=\"Apple-converted-space\">\u00a0<\/span><\/li>\n<li>Die Nutzung von iDEAL ist einfach und schnell. Alle Zahlungsdetails werden f\u00fcr Sie ausgef\u00fcllt und Sie werden sofort \u00fcber die erfolgreiche Zahlung informiert.<span class=\"Apple-converted-space\">\u00a0<\/span><\/li>\n<li>Sie behalten die st\u00e4ndige Kontrolle und \u00dcbersicht \u00fcber Ihre Zahlungen. Die iDEAL-Zahlung ist sofort auf Ihrem Kontoauszug ersichtlich.<span class=\"Apple-converted-space\">\u00a0<\/span><\/li>\n<\/ul>\n<p>Mit iDEAL bieten wir Ihnen eine schnelle, einfache und transparente Zahlungsl\u00f6sung. Machen Sie sich also keine Sorgen \u00fcber den Zahlungsvorgang und genie\u00dfen Sie Ihren Einkauf bei Tuinflex.nl sorgenfrei!<\/p>\n\t\t\t\t\t\t\t\t<\/div>\n\t\t\t\t<\/div>\n\t\t\t\t\t<\/div>\n\t\t<\/div>\n\t\t\t\t\t<\/div>\n\t\t<\/section>\n\t\t\t\t<\/div>\n\t\t","protected":false},"excerpt":{"rendered":"<p>Zahlung Einfache und sichere Zahlung mit iDEAL\u00a0\u00a0 Bei Tuinflex.nl bieten wir Ihnen die M\u00f6glichkeit, sicher und einfach online mit iDEAL zu bezahlen. Mit iDEAL bezahlen Sie in der vertrauten Online-Banking-Umgebung Ihrer Bank. Mit iDEAL bezahlen Sie in der vertrauten Online-Banking-Umgebung Ihrer Bank.\u00a0 Sie k\u00f6nnen iDEAL direkt nutzen, wenn Sie Online-Banking bei einer der folgenden Banken [&hellip;]<\/p>\n","protected":false},"author":1,"featured_media":0,"parent":2633,"menu_order":0,"comment_status":"closed","ping_status":"closed","template":"","meta":{"footnotes":""},"class_list":["post-2629","page","type-page","status-publish","hentry"],"_links":{"self":[{"href":"https:\/\/tuinflex.nl\/de\/wp-json\/wp\/v2\/pages\/2629","targetHints":{"allow":["GET"]}}],"collection":[{"href":"https:\/\/tuinflex.nl\/de\/wp-json\/wp\/v2\/pages"}],"about":[{"href":"https:\/\/tuinflex.nl\/de\/wp-json\/wp\/v2\/types\/page"}],"author":[{"embeddable":true,"href":"https:\/\/tuinflex.nl\/de\/wp-json\/wp\/v2\/users\/1"}],"replies":[{"embeddable":true,"href":"https:\/\/tuinflex.nl\/de\/wp-json\/wp\/v2\/comments?post=2629"}],"version-history":[{"count":1,"href":"https:\/\/tuinflex.nl\/de\/wp-json\/wp\/v2\/pages\/2629\/revisions"}],"predecessor-version":[{"id":2630,"href":"https:\/\/tuinflex.nl\/de\/wp-json\/wp\/v2\/pages\/2629\/revisions\/2630"}],"up":[{"embeddable":true,"href":"https:\/\/tuinflex.nl\/de\/wp-json\/wp\/v2\/pages\/2633"}],"wp:attachment":[{"href":"https:\/\/tuinflex.nl\/de\/wp-json\/wp\/v2\/media?parent=2629"}],"curies":[{"name":"wp","href":"https:\/\/api.w.org\/{rel}","templated":true}]}}