{"id":2633,"date":"2023-07-05T13:37:44","date_gmt":"2023-07-05T13:37:44","guid":{"rendered":"https:\/\/tuinflex.nl\/kundenservice\/"},"modified":"2023-07-05T13:37:44","modified_gmt":"2023-07-05T13:37:44","slug":"kundenservice","status":"publish","type":"page","link":"https:\/\/tuinflex.nl\/de\/kundenservice\/","title":{"rendered":"Kundenservice"},"content":{"rendered":"\t\t<div data-elementor-type=\"wp-page\" data-elementor-id=\"2633\" class=\"elementor elementor-2633 elementor-2523\" data-elementor-post-type=\"page\">\n\t\t\t\t\t\t<section class=\"elementor-section elementor-top-section elementor-element elementor-element-cda491e elementor-section-stretched elementor-section-boxed elementor-section-height-default elementor-section-height-default\" data-id=\"cda491e\" data-element_type=\"section\" data-e-type=\"section\" data-settings=\"{&quot;stretch_section&quot;:&quot;section-stretched&quot;}\">\n\t\t\t\t\t\t<div class=\"elementor-container elementor-column-gap-default\">\n\t\t\t\t\t<div class=\"elementor-column elementor-col-100 elementor-top-column elementor-element elementor-element-fb06dcb\" data-id=\"fb06dcb\" data-element_type=\"column\" data-e-type=\"column\">\n\t\t\t<div class=\"elementor-widget-wrap elementor-element-populated\">\n\t\t\t\t\t\t<div class=\"elementor-element elementor-element-ed6c99b elementor-widget elementor-widget-heading\" data-id=\"ed6c99b\" data-element_type=\"widget\" data-e-type=\"widget\" data-widget_type=\"heading.default\">\n\t\t\t\t<div class=\"elementor-widget-container\">\n\t\t\t\t\t<h2 class=\"elementor-heading-title elementor-size-default\">Kundenservice<\/h2>\t\t\t\t<\/div>\n\t\t\t\t<\/div>\n\t\t\t\t<div class=\"elementor-element elementor-element-d83f4d9 elementor-widget elementor-widget-text-editor\" data-id=\"d83f4d9\" data-element_type=\"widget\" data-e-type=\"widget\" data-widget_type=\"text-editor.default\">\n\t\t\t\t<div class=\"elementor-widget-container\">\n\t\t\t\t\t\t\t\t\t<p><strong>Haben Sie eine Beschwerde, einen Tipp oder einen Kommentar?<\/strong><\/p>\n<p>Wir von Tuinflex. nl sind bestrebt, dass Sie mit Ihrem Kauf zufrieden sind. Wir legen Wert auf die Zug\u00e4nglichkeit und Benutzerfreundlichkeit unserer Website, auf die Beratung, die Sie erhalten, auf den Versand und die Lieferung Ihrer Bestellung und schlie\u00dflich auf die Leistung unserer Produkte bei der Bew\u00e4sserung Ihres Gartens.<\/p>\n<p>Wenn Sie eine Beschwerde oder eine Frage haben, laden wir Sie ein, uns zu kontaktieren. Denn wir wollen uns nicht nur durch unsere fairen Preise f\u00fcr Tyleen-Schl\u00e4uche auszeichnen, sondern auch durch die Art und Weise, wie wir eventuelle Reklamationen l\u00f6sen. Ihre Zufriedenheit ist uns sehr wichtig und wir werden alles tun, um eine geeignete L\u00f6sung zu finden.<\/p>\n<p>Also z\u00f6gern Sie nicht, sich an uns zu wenden, wenn Ihnen etwas auf dem Herzen liegt. Wir sind bereit, Ihnen zuzuh\u00f6ren und weiterzuhelfen.<\/p>\n<p><strong>R\u00fccksendung<\/strong><br \/>\nM\u00f6chten Sie etwas zur\u00fcckgeben? Dann kontaktieren Sie uns f\u00fcr eine Beratung.<br \/>\nDie R\u00fcckgabe von Artikeln ist bis maximal 14 Tage nach Erhalt m\u00f6glich.<br \/>\nWir k\u00f6nnen keine gebrauchten, zurechtgeschnittenen Schl\u00e4uche oder besch\u00e4digte Artikel zur\u00fccknehmen.<\/p>\n<p><strong>Unsere Kontaktdaten<\/strong><\/p>\n<p><em>Telefoonnummer<\/em><br \/>\n+31(0)341 355 143<\/p>\n<p><em>B\u00fcro- und besuchsadresse\u00a0<\/em><br \/>\nKerkdennen 62 3851 BB Ermelo<\/p>\n<p><em>E-mail<\/em><br \/>\nadministratie@timaflex.nl<\/p>\n<p><em>\u00d6ffnungszeiten<\/em><br \/>\nMontag bis Freitag von 9.00 bis 17.00 Uhr<\/p>\n<p><em>Handelsregister-nummer<\/em><br \/>\n86873938<\/p>\n<p><em>Umsatzsteuer-identifikationsnummer<\/em><br \/>\nNL 864128095 B01<\/p>\n\t\t\t\t\t\t\t\t<\/div>\n\t\t\t\t<\/div>\n\t\t\t\t\t<\/div>\n\t\t<\/div>\n\t\t\t\t\t<\/div>\n\t\t<\/section>\n\t\t\t\t<\/div>\n\t\t","protected":false},"excerpt":{"rendered":"<p>Kundenservice Haben Sie eine Beschwerde, einen Tipp oder einen Kommentar? Wir von Tuinflex. nl sind bestrebt, dass Sie mit Ihrem Kauf zufrieden sind. Wir legen Wert auf die Zug\u00e4nglichkeit und Benutzerfreundlichkeit unserer Website, auf die Beratung, die Sie erhalten, auf den Versand und die Lieferung Ihrer Bestellung und schlie\u00dflich auf die Leistung unserer Produkte bei [&hellip;]<\/p>\n","protected":false},"author":1,"featured_media":0,"parent":0,"menu_order":0,"comment_status":"closed","ping_status":"closed","template":"","meta":{"footnotes":""},"class_list":["post-2633","page","type-page","status-publish","hentry"],"_links":{"self":[{"href":"https:\/\/tuinflex.nl\/de\/wp-json\/wp\/v2\/pages\/2633","targetHints":{"allow":["GET"]}}],"collection":[{"href":"https:\/\/tuinflex.nl\/de\/wp-json\/wp\/v2\/pages"}],"about":[{"href":"https:\/\/tuinflex.nl\/de\/wp-json\/wp\/v2\/types\/page"}],"author":[{"embeddable":true,"href":"https:\/\/tuinflex.nl\/de\/wp-json\/wp\/v2\/users\/1"}],"replies":[{"embeddable":true,"href":"https:\/\/tuinflex.nl\/de\/wp-json\/wp\/v2\/comments?post=2633"}],"version-history":[{"count":1,"href":"https:\/\/tuinflex.nl\/de\/wp-json\/wp\/v2\/pages\/2633\/revisions"}],"predecessor-version":[{"id":2634,"href":"https:\/\/tuinflex.nl\/de\/wp-json\/wp\/v2\/pages\/2633\/revisions\/2634"}],"wp:attachment":[{"href":"https:\/\/tuinflex.nl\/de\/wp-json\/wp\/v2\/media?parent=2633"}],"curies":[{"name":"wp","href":"https:\/\/api.w.org\/{rel}","templated":true}]}}