{"id":3095,"date":"2024-02-01T13:48:09","date_gmt":"2024-02-01T11:48:10","guid":{"rendered":"https:\/\/tuinflex.nl\/?post_type=product&#038;p=3095"},"modified":"2024-02-14T10:40:30","modified_gmt":"2024-02-14T08:40:30","slug":"tyleenschlauch-40-mm","status":"publish","type":"product","link":"https:\/\/tuinflex.nl\/de\/produkt\/tyleenschlauch-40-mm\/","title":{"rendered":"Tyleenschlauch 40 mm"},"content":{"rendered":"<h3>Wof\u00fcr verwenden Sie einen Tyleenschlauch 40 mm?<\/h3>\n<p>Das ZPE-Rohr, auch Tyleenschlauch oder PE-40 genannt, ist ein Kunststoffschlauch, der sich hervorragend f\u00fcr die Gartenbew\u00e4sserung, die Abwasserableitung, den Gartenbau und die Schwimmbadheizung eignet. Die Abk\u00fcrzung ZPE steht f\u00fcr Weiches Polyethylen und bedeutet, dass diese Schl\u00e4uche eine weiche Textur haben, wodurch sie sich leicht biegen lassen. Dieses Material ist nicht nur flexibel, sondern auch robust, wasserabweisend, isolierend und langlebig. Dies macht die Verwendung von ZPE-Rohren ideal f\u00fcr zahlreiche Anwendungen. M\u00f6chten Sie mehr \u00fcber Tyleenschl\u00e4uche erfahren? Hier finden Sie alle Informationen, die Sie ben\u00f6tigen!<\/p>\n<h3>Kann ein Tyleenschlauch sicher f\u00fcr Trinkwasser verwendet werden?<\/h3>\n<p>Es gibt zwei Arten von Tyleenschl\u00e4uchen: zugelassene (KIWA) und nicht zugelassene Tyleenschl\u00e4uche. Die zugelassene Variante ist im Allgemeinen f\u00fcr den Transport von Trinkwasser geeignet, die nicht zugelassene hingegen nicht. Bei TimaFlex bieten wir nicht zugelassene 40 mm Tyleenschl\u00e4uche an. Sie sind also nicht f\u00fcr Trinkwasser geeignet. Als landwirtschaftliche Anwendung f\u00fcr Trinkwasser sind diese Tyleenschl\u00e4uche jedoch geeignet.<\/p>\n<h3>Woher wei\u00df ich, ob 40 mm die richtige Gr\u00f6\u00dfe f\u00fcr den Tyleenschlauch ist?<\/h3>\n<p>Wenn Sie sichergehen wollen, dass Sie die richtige Gr\u00f6\u00dfe bestellen, lesen Sie unbedingt diesen Blog, in dem wir die Frage beantworten: Wie w\u00e4hle ich den richtigen Durchmesser eines Tyleenschlauchs?<\/p>\n","protected":false},"excerpt":{"rendered":"<p>PE40 40&#215;3.7mm 6.3 bar SDR10<\/p>\n","protected":false},"featured_media":1564,"template":"","meta":[],"product_brand":[],"product_cat":[117],"product_tag":[],"class_list":{"0":"post-3095","1":"product","2":"type-product","3":"status-publish","4":"has-post-thumbnail","6":"product_cat-tyleenschlauch","8":"first","9":"instock","10":"taxable","11":"shipping-taxable","12":"purchasable","13":"product-type-variable"},"_links":{"self":[{"href":"https:\/\/tuinflex.nl\/de\/wp-json\/wp\/v2\/product\/3095","targetHints":{"allow":["GET"]}}],"collection":[{"href":"https:\/\/tuinflex.nl\/de\/wp-json\/wp\/v2\/product"}],"about":[{"href":"https:\/\/tuinflex.nl\/de\/wp-json\/wp\/v2\/types\/product"}],"wp:featuredmedia":[{"embeddable":true,"href":"https:\/\/tuinflex.nl\/de\/wp-json\/wp\/v2\/media\/1564"}],"wp:attachment":[{"href":"https:\/\/tuinflex.nl\/de\/wp-json\/wp\/v2\/media?parent=3095"}],"wp:term":[{"taxonomy":"product_brand","embeddable":true,"href":"https:\/\/tuinflex.nl\/de\/wp-json\/wp\/v2\/product_brand?post=3095"},{"taxonomy":"product_cat","embeddable":true,"href":"https:\/\/tuinflex.nl\/de\/wp-json\/wp\/v2\/product_cat?post=3095"},{"taxonomy":"product_tag","embeddable":true,"href":"https:\/\/tuinflex.nl\/de\/wp-json\/wp\/v2\/product_tag?post=3095"}],"curies":[{"name":"wp","href":"https:\/\/api.w.org\/{rel}","templated":true}]}}