{"id":2625,"date":"2023-07-05T13:31:39","date_gmt":"2023-07-05T13:31:39","guid":{"rendered":"https:\/\/tuinflex.nl\/envoi\/"},"modified":"2023-07-05T13:31:39","modified_gmt":"2023-07-05T13:31:39","slug":"envoi","status":"publish","type":"page","link":"https:\/\/tuinflex.nl\/fr\/service-clientele\/envoi\/","title":{"rendered":"Envoi"},"content":{"rendered":"\t\t<div data-elementor-type=\"wp-page\" data-elementor-id=\"2625\" class=\"elementor elementor-2625 elementor-2533\" data-elementor-post-type=\"page\">\n\t\t\t\t\t\t<section class=\"elementor-section elementor-top-section elementor-element elementor-element-cda491e elementor-section-stretched elementor-section-boxed elementor-section-height-default elementor-section-height-default\" data-id=\"cda491e\" data-element_type=\"section\" data-e-type=\"section\" data-settings=\"{&quot;stretch_section&quot;:&quot;section-stretched&quot;}\">\n\t\t\t\t\t\t<div class=\"elementor-container elementor-column-gap-default\">\n\t\t\t\t\t<div class=\"elementor-column elementor-col-100 elementor-top-column elementor-element elementor-element-fb06dcb\" data-id=\"fb06dcb\" data-element_type=\"column\" data-e-type=\"column\">\n\t\t\t<div class=\"elementor-widget-wrap elementor-element-populated\">\n\t\t\t\t\t\t<div class=\"elementor-element elementor-element-ed6c99b elementor-widget elementor-widget-heading\" data-id=\"ed6c99b\" data-element_type=\"widget\" data-e-type=\"widget\" data-widget_type=\"heading.default\">\n\t\t\t\t<div class=\"elementor-widget-container\">\n\t\t\t\t\t<h2 class=\"elementor-heading-title elementor-size-default\">Envoi<\/h2>\t\t\t\t<\/div>\n\t\t\t\t<\/div>\n\t\t\t\t<div class=\"elementor-element elementor-element-d83f4d9 elementor-widget elementor-widget-text-editor\" data-id=\"d83f4d9\" data-element_type=\"widget\" data-e-type=\"widget\" data-widget_type=\"text-editor.default\">\n\t\t\t\t<div class=\"elementor-widget-container\">\n\t\t\t\t\t\t\t\t\t<p>Pour exp\u00e9dier vos tuyaux en tyl\u00e8ne, nous les empilons sur une europalette de dimensions (L) 100 x (l) 120 x (h) 170. Parfois, les rouleaux peuvent d\u00e9passer l\u00e9g\u00e8rement de la palette.<\/p>\n<p>Nous faisons transporter de 1 \u00e0 4 palettes par Quicargo, la premi\u00e8re plateforme de logistique et de transport en ligne pour le transport routier.<\/p>\n<ul>\n<li>1 palette via Quicargo : 52,50 \u20ac<\/li>\n<li>2 palettes via Quicargo : 99,50 \u20ac<\/li>\n<li>3 palettes via Quicargo :\u00a0 128,50 \u20ac<\/li>\n<li>4 palettes via Quicargo :\u00a0 187,00 \u20ac<\/li>\n<\/ul>\n<p>Attention : Quicargo n&rsquo;assure pas le transport vers les \u00eeles Wadden \u00e0 ces tarifs, mais assure le transport vers la Flandre z\u00e9landaise. Vous souhaitez une livraison aux \u00eeles Wadden ou vous \u00eates un client \u00e9tranger ? N&rsquo;h\u00e9sitez pas \u00e0 nous contacter pour obtenir un devis.<\/p>\n<p><strong>Plus de 5 palettes ?<\/strong><br \/>\nA partir de 5 palettes, nous faisons transporter les tuyaux en tyl\u00e8ne par St vd Brink.<\/p>\n<ul>\n<li>5 palettes via St vd Brink :\u00a0 214,00 \u20ac<\/li>\n<li>6 palettes via St vd Brink :\u00a0 232,50 \u20ac<\/li>\n<li>7 palettes via St. vd Brink : 260,00 \u20ac<\/li>\n<li>8 palettes via St vd Brink :\u00a0 280,00 \u20ac<\/li>\n<\/ul>\n<p>Attention : St vd Brink n&rsquo;assure pas le transport vers les \u00eeles Wadden et la Flandre orientale \u00e0 ces tarifs. Vous souhaitez une livraison dans les \u00eeles Wadden, en Flandre z\u00e9landaise ou vous \u00eates un client \u00e9tranger ? N&rsquo;h\u00e9sitez pas \u00e0 nous contacter pour obtenir un devis.<\/p>\n<p><strong>Accessibilit\u00e9 de l&rsquo;adresse de d\u00e9chargement<\/strong><br \/>\nLors de votre commande, veuillez indiquer comment vous pouvez acc\u00e9der \u00e0 l&rsquo;adresse de d\u00e9chargement. La livraison peut-elle se faire par camion avec remorque ou l&rsquo;adresse n&rsquo;est-elle accessible qu&rsquo;avec une camionnette ?<\/p>\n<p><strong>Les conditions de livraison<\/strong><br \/>\nS&rsquo;il est possible de livrer le tuyau en tyl\u00e8ne via un hayon \u00e9l\u00e9vateur avec un camion pompe, il n&rsquo;y a pas de frais suppl\u00e9mentaires. Pour le d\u00e9chargement sur le c\u00f4t\u00e9 ou avec un Kooiaap, nous facturons les frais suppl\u00e9mentaires du transporteur.<\/p>\n<p><strong>Vous pr\u00e9f\u00e9rez venir les chercher vous-m\u00eame?<\/strong><br \/>\nBien entendu, il est \u00e9galement possible, apr\u00e8s paiement, d&rsquo;aller chercher vous-m\u00eame votre commande \u00e0 Ermelo. N&rsquo;h\u00e9sitez pas \u00e0 nous contacter afin que nous puissions convenir ensemble d&rsquo;un rendez-vous.<\/p>\n<p><strong>D\u00e9lais de livraison<\/strong><br \/>\nNous nous effor\u00e7ons de livrer votre commande dans les 3 jours ouvrables.<\/p>\n\t\t\t\t\t\t\t\t<\/div>\n\t\t\t\t<\/div>\n\t\t\t\t\t<\/div>\n\t\t<\/div>\n\t\t\t\t\t<\/div>\n\t\t<\/section>\n\t\t\t\t<\/div>\n\t\t","protected":false},"excerpt":{"rendered":"<p>Envoi Pour exp\u00e9dier vos tuyaux en tyl\u00e8ne, nous les empilons sur une europalette de dimensions (L) 100 x (l) 120 x (h) 170. Parfois, les rouleaux peuvent d\u00e9passer l\u00e9g\u00e8rement de la palette. Nous faisons transporter de 1 \u00e0 4 palettes par Quicargo, la premi\u00e8re plateforme de logistique et de transport en ligne pour le transport [&hellip;]<\/p>\n","protected":false},"author":1,"featured_media":0,"parent":2635,"menu_order":0,"comment_status":"closed","ping_status":"closed","template":"","meta":{"footnotes":""},"class_list":["post-2625","page","type-page","status-publish","hentry"],"_links":{"self":[{"href":"https:\/\/tuinflex.nl\/fr\/wp-json\/wp\/v2\/pages\/2625","targetHints":{"allow":["GET"]}}],"collection":[{"href":"https:\/\/tuinflex.nl\/fr\/wp-json\/wp\/v2\/pages"}],"about":[{"href":"https:\/\/tuinflex.nl\/fr\/wp-json\/wp\/v2\/types\/page"}],"author":[{"embeddable":true,"href":"https:\/\/tuinflex.nl\/fr\/wp-json\/wp\/v2\/users\/1"}],"replies":[{"embeddable":true,"href":"https:\/\/tuinflex.nl\/fr\/wp-json\/wp\/v2\/comments?post=2625"}],"version-history":[{"count":1,"href":"https:\/\/tuinflex.nl\/fr\/wp-json\/wp\/v2\/pages\/2625\/revisions"}],"predecessor-version":[{"id":2626,"href":"https:\/\/tuinflex.nl\/fr\/wp-json\/wp\/v2\/pages\/2625\/revisions\/2626"}],"up":[{"embeddable":true,"href":"https:\/\/tuinflex.nl\/fr\/wp-json\/wp\/v2\/pages\/2635"}],"wp:attachment":[{"href":"https:\/\/tuinflex.nl\/fr\/wp-json\/wp\/v2\/media?parent=2625"}],"curies":[{"name":"wp","href":"https:\/\/api.w.org\/{rel}","templated":true}]}}