{"id":2631,"date":"2023-07-05T13:34:59","date_gmt":"2023-07-05T13:34:59","guid":{"rendered":"https:\/\/tuinflex.nl\/paiement\/"},"modified":"2023-07-05T13:35:00","modified_gmt":"2023-07-05T13:35:00","slug":"paiement","status":"publish","type":"page","link":"https:\/\/tuinflex.nl\/fr\/service-clientele\/paiement\/","title":{"rendered":"Paiement"},"content":{"rendered":"\t\t<div data-elementor-type=\"wp-page\" data-elementor-id=\"2631\" class=\"elementor elementor-2631 elementor-2528\" data-elementor-post-type=\"page\">\n\t\t\t\t\t\t<section class=\"elementor-section elementor-top-section elementor-element elementor-element-cda491e elementor-section-stretched elementor-section-boxed elementor-section-height-default elementor-section-height-default\" data-id=\"cda491e\" data-element_type=\"section\" data-e-type=\"section\" data-settings=\"{&quot;stretch_section&quot;:&quot;section-stretched&quot;}\">\n\t\t\t\t\t\t<div class=\"elementor-container elementor-column-gap-default\">\n\t\t\t\t\t<div class=\"elementor-column elementor-col-100 elementor-top-column elementor-element elementor-element-fb06dcb\" data-id=\"fb06dcb\" data-element_type=\"column\" data-e-type=\"column\">\n\t\t\t<div class=\"elementor-widget-wrap elementor-element-populated\">\n\t\t\t\t\t\t<div class=\"elementor-element elementor-element-ed6c99b elementor-widget elementor-widget-heading\" data-id=\"ed6c99b\" data-element_type=\"widget\" data-e-type=\"widget\" data-widget_type=\"heading.default\">\n\t\t\t\t<div class=\"elementor-widget-container\">\n\t\t\t\t\t<h2 class=\"elementor-heading-title elementor-size-default\">Paiement<\/h2>\t\t\t\t<\/div>\n\t\t\t\t<\/div>\n\t\t\t\t<div class=\"elementor-element elementor-element-d83f4d9 elementor-widget elementor-widget-text-editor\" data-id=\"d83f4d9\" data-element_type=\"widget\" data-e-type=\"widget\" data-widget_type=\"text-editor.default\">\n\t\t\t\t<div class=\"elementor-widget-container\">\n\t\t\t\t\t\t\t\t\t<p><strong>Paiement facile et s\u00fbr avec iDEAL<\/strong><\/p>\n<p>Chez Tuinflex. NL? nous vous offrons la possibilit\u00e9 de payer facilement et en toute s\u00e9curit\u00e9 en ligne avec iDEAL. Avec iDEAL, vous payez dans l&rsquo;environnement bancaire familier de votre banque.<\/p>\n<p>Vous pouvez utiliser iDEAL directement si vous disposez d&rsquo;une banque en ligne avec l&rsquo;une des banques suivantes :<\/p>\n<ul>\n<li>ABN AMRO<\/li>\n<li>ASN Bank<\/li>\n<li>Bunq<\/li>\n<li>ING<\/li>\n<li>Knab<\/li>\n<li>Rabobank<\/li>\n<li>RegioBank<\/li>\n<li>Revolut<\/li>\n<li>SNS<\/li>\n<li>Triodos Bank<\/li>\n<li>Van Lanschot<\/li>\n<li>Yoursafe<\/li>\n<\/ul>\n<p>Fait amusant : le nom de ce mode de paiement en ligne contient un certain nombre de jeux de mots, \u00e0 savoir : i-deal (une transaction sur l&rsquo;internet), I deal (anglais, je fais du commerce) et ideal (anglais, id\u00e9al).<\/p>\n<p>L&rsquo;utilisation d&rsquo;iDeal pr\u00e9sente plusieurs avantages par rapport \u00e0 d&rsquo;autres m\u00e9thodes de paiement en ligne :<\/p>\n<ul>\n<li>iDEAL est un moyen fiable et s\u00fbr de payer par l&rsquo;interm\u00e9diaire d&rsquo;une banque en ligne.<\/li>\n<li>Vous pouvez payer directement avec iDEAL, sans avoir \u00e0 vous inscrire, \u00e0 t\u00e9l\u00e9charger des fichiers ou \u00e0 cr\u00e9er un compte.<\/li>\n<li>L&rsquo;utilisation d&rsquo;iDEAL est simple et rapide. Tous les d\u00e9tails du paiement sont remplis pour vous-m\u00eame et vous \u00eates imm\u00e9diatement inform\u00e9 de la r\u00e9ussite du paiement.<\/li>\n<li>Vous gardez un contr\u00f4le permanent et une vue d&rsquo;ensemble de votre paiement. Le paiement iDEAL est imm\u00e9diatement visible sur votre relev\u00e9 de compte.<\/li>\n<\/ul>\n<p>Avec iDEAL, nous vous offrons une solution de paiement rapide, simple et transparente. Ne vous pr\u00e9occupez donc pas du processus de paiement et profitez de vos achats sur Tuinflex.nl en toute tranquillit\u00e9 !<\/p>\n\t\t\t\t\t\t\t\t<\/div>\n\t\t\t\t<\/div>\n\t\t\t\t\t<\/div>\n\t\t<\/div>\n\t\t\t\t\t<\/div>\n\t\t<\/section>\n\t\t\t\t<\/div>\n\t\t","protected":false},"excerpt":{"rendered":"<p>Paiement Paiement facile et s\u00fbr avec iDEAL Chez Tuinflex. NL? nous vous offrons la possibilit\u00e9 de payer facilement et en toute s\u00e9curit\u00e9 en ligne avec iDEAL. Avec iDEAL, vous payez dans l&rsquo;environnement bancaire familier de votre banque. Vous pouvez utiliser iDEAL directement si vous disposez d&rsquo;une banque en ligne avec l&rsquo;une des banques suivantes : [&hellip;]<\/p>\n","protected":false},"author":1,"featured_media":0,"parent":2635,"menu_order":0,"comment_status":"closed","ping_status":"closed","template":"","meta":{"footnotes":""},"class_list":["post-2631","page","type-page","status-publish","hentry"],"_links":{"self":[{"href":"https:\/\/tuinflex.nl\/fr\/wp-json\/wp\/v2\/pages\/2631","targetHints":{"allow":["GET"]}}],"collection":[{"href":"https:\/\/tuinflex.nl\/fr\/wp-json\/wp\/v2\/pages"}],"about":[{"href":"https:\/\/tuinflex.nl\/fr\/wp-json\/wp\/v2\/types\/page"}],"author":[{"embeddable":true,"href":"https:\/\/tuinflex.nl\/fr\/wp-json\/wp\/v2\/users\/1"}],"replies":[{"embeddable":true,"href":"https:\/\/tuinflex.nl\/fr\/wp-json\/wp\/v2\/comments?post=2631"}],"version-history":[{"count":1,"href":"https:\/\/tuinflex.nl\/fr\/wp-json\/wp\/v2\/pages\/2631\/revisions"}],"predecessor-version":[{"id":2632,"href":"https:\/\/tuinflex.nl\/fr\/wp-json\/wp\/v2\/pages\/2631\/revisions\/2632"}],"up":[{"embeddable":true,"href":"https:\/\/tuinflex.nl\/fr\/wp-json\/wp\/v2\/pages\/2635"}],"wp:attachment":[{"href":"https:\/\/tuinflex.nl\/fr\/wp-json\/wp\/v2\/media?parent=2631"}],"curies":[{"name":"wp","href":"https:\/\/api.w.org\/{rel}","templated":true}]}}