{"id":2635,"date":"2023-07-05T13:43:44","date_gmt":"2023-07-05T13:43:44","guid":{"rendered":"https:\/\/tuinflex.nl\/service-clientele\/"},"modified":"2023-07-05T13:43:44","modified_gmt":"2023-07-05T13:43:44","slug":"service-clientele","status":"publish","type":"page","link":"https:\/\/tuinflex.nl\/fr\/service-clientele\/","title":{"rendered":"Service Client\u00e8le"},"content":{"rendered":"\t\t<div data-elementor-type=\"wp-page\" data-elementor-id=\"2635\" class=\"elementor elementor-2635 elementor-2523\" data-elementor-post-type=\"page\">\n\t\t\t\t\t\t<section class=\"elementor-section elementor-top-section elementor-element elementor-element-cda491e elementor-section-stretched elementor-section-boxed elementor-section-height-default elementor-section-height-default\" data-id=\"cda491e\" data-element_type=\"section\" data-e-type=\"section\" data-settings=\"{&quot;stretch_section&quot;:&quot;section-stretched&quot;}\">\n\t\t\t\t\t\t<div class=\"elementor-container elementor-column-gap-default\">\n\t\t\t\t\t<div class=\"elementor-column elementor-col-100 elementor-top-column elementor-element elementor-element-fb06dcb\" data-id=\"fb06dcb\" data-element_type=\"column\" data-e-type=\"column\">\n\t\t\t<div class=\"elementor-widget-wrap elementor-element-populated\">\n\t\t\t\t\t\t<div class=\"elementor-element elementor-element-ed6c99b elementor-widget elementor-widget-heading\" data-id=\"ed6c99b\" data-element_type=\"widget\" data-e-type=\"widget\" data-widget_type=\"heading.default\">\n\t\t\t\t<div class=\"elementor-widget-container\">\n\t\t\t\t\t<h2 class=\"elementor-heading-title elementor-size-default\">Service Client\u00e8le<\/h2>\t\t\t\t<\/div>\n\t\t\t\t<\/div>\n\t\t\t\t<div class=\"elementor-element elementor-element-d83f4d9 elementor-widget elementor-widget-text-editor\" data-id=\"d83f4d9\" data-element_type=\"widget\" data-e-type=\"widget\" data-widget_type=\"text-editor.default\">\n\t\t\t\t<div class=\"elementor-widget-container\">\n\t\t\t\t\t\t\t\t\t<p><strong>Vous avez une plainte, un conseil ou un commentaire?<\/strong><\/p>\n<p>Chez Tuinflex. nl, nous mettons tout en \u0153uvre pour que vous soyez satisfait de votre achat. Nous accordons une grande importance \u00e0 l&rsquo;accessibilit\u00e9 et \u00e0 l&rsquo;exp\u00e9rience utilisateur de notre site web, aux conseils que vous recevez, \u00e0 l&rsquo;exp\u00e9dition et \u00e0 la livraison de votre commande et, en fin de compte, \u00e0 la performance de nos produits lors de l&rsquo;arrosage de votre jardin.<\/p>\n<p>Si vous avez une plainte ou une question, nous vous invitons \u00e0 nous contacter. Car nous voulons nous distinguer non seulement par nos prix comp\u00e9titifs pour les tuyaux en tyl\u00e8ne, mais aussi par la mani\u00e8re dont nous r\u00e9solvons les r\u00e9clamations. Votre satisfaction est tr\u00e8s importante pour nous et nous mettons tout en \u0153uvre pour trouver une solution ad\u00e9quate.<\/p>\n<p>N&rsquo;h\u00e9sitez donc pas \u00e0 nous contacter si vous rencontrez des difficult\u00e9s. Nous restons \u00e0 votre disposition pour vous \u00e9couter et vous aider.<\/p>\n<p><strong>Retours<\/strong><br \/>\nVous voulez retourner quelque chose ? Contactez-nous pour en discuter.<br \/>\nLe retour des articles est possible jusqu&rsquo;\u00e0 14 jours maximum apr\u00e8s r\u00e9ception.<br \/>\nNous n&rsquo;acceptons pas les tuyaux en tyl\u00e8ne utilis\u00e9s, d\u00e9coup\u00e9s sur mesure ni les articles endommag\u00e9s.<\/p>\n<p><strong>Nos coordonn\u00e9es<\/strong><\/p>\n<p><em>Numero De T\u00e9l\u00e9phone<br \/>\n<\/em>+31(0)341 355 143<\/p>\n<p><i>Adresse Du Si\u00e8ge Et Adresse De Visite<br \/>\n<\/i>Kerkdennen 62 3851 BB Ermelo<\/p>\n<p><em>Adresse \u00c9lectronique<\/em><br \/>\nadministratie@timaflex.nl<\/p>\n<p><i>Heures D&rsquo;ouverture<br \/>\n<\/i>Du lundi au vendredi de 9h00 \u00e0 17h00<\/p>\n<p><em>Numero Cdc<\/em><br \/>\n86873938<\/p>\n<p><em>Numero De Tva<\/em><br \/>\nNL 864128095 B01<\/p>\n\t\t\t\t\t\t\t\t<\/div>\n\t\t\t\t<\/div>\n\t\t\t\t\t<\/div>\n\t\t<\/div>\n\t\t\t\t\t<\/div>\n\t\t<\/section>\n\t\t\t\t<\/div>\n\t\t","protected":false},"excerpt":{"rendered":"<p>Service Client\u00e8le Vous avez une plainte, un conseil ou un commentaire? Chez Tuinflex. nl, nous mettons tout en \u0153uvre pour que vous soyez satisfait de votre achat. Nous accordons une grande importance \u00e0 l&rsquo;accessibilit\u00e9 et \u00e0 l&rsquo;exp\u00e9rience utilisateur de notre site web, aux conseils que vous recevez, \u00e0 l&rsquo;exp\u00e9dition et \u00e0 la livraison de votre [&hellip;]<\/p>\n","protected":false},"author":1,"featured_media":0,"parent":0,"menu_order":0,"comment_status":"closed","ping_status":"closed","template":"","meta":{"footnotes":""},"class_list":["post-2635","page","type-page","status-publish","hentry"],"_links":{"self":[{"href":"https:\/\/tuinflex.nl\/fr\/wp-json\/wp\/v2\/pages\/2635","targetHints":{"allow":["GET"]}}],"collection":[{"href":"https:\/\/tuinflex.nl\/fr\/wp-json\/wp\/v2\/pages"}],"about":[{"href":"https:\/\/tuinflex.nl\/fr\/wp-json\/wp\/v2\/types\/page"}],"author":[{"embeddable":true,"href":"https:\/\/tuinflex.nl\/fr\/wp-json\/wp\/v2\/users\/1"}],"replies":[{"embeddable":true,"href":"https:\/\/tuinflex.nl\/fr\/wp-json\/wp\/v2\/comments?post=2635"}],"version-history":[{"count":1,"href":"https:\/\/tuinflex.nl\/fr\/wp-json\/wp\/v2\/pages\/2635\/revisions"}],"predecessor-version":[{"id":2636,"href":"https:\/\/tuinflex.nl\/fr\/wp-json\/wp\/v2\/pages\/2635\/revisions\/2636"}],"wp:attachment":[{"href":"https:\/\/tuinflex.nl\/fr\/wp-json\/wp\/v2\/media?parent=2635"}],"curies":[{"name":"wp","href":"https:\/\/api.w.org\/{rel}","templated":true}]}}