{"id":3092,"date":"2024-02-01T13:48:09","date_gmt":"2024-02-01T11:48:10","guid":{"rendered":"https:\/\/tuinflex.nl\/?post_type=product&#038;p=3092"},"modified":"2024-02-14T10:39:50","modified_gmt":"2024-02-14T08:39:50","slug":"tuyau-en-tylene-40-mm","status":"publish","type":"product","link":"https:\/\/tuinflex.nl\/fr\/produit\/tuyau-en-tylene-40-mm\/","title":{"rendered":"Tuyau en tyl\u00e8ne 40 mm"},"content":{"rendered":"<h3>Quelles utilisations pour le tuyau en tyl\u00e8ne 40 mm?<\/h3>\n<p>Le tuyau ZPE, \u00e9galement appel\u00e9 tuyau en tyl\u00e8ne ou PE-40, est un type de tuyau en plastique qui convient parfaitement pour l&rsquo;arrosage de votre jardin, au drainage des eaux us\u00e9es, \u00e0 l&rsquo;horticulture et au chauffage des piscines. L&rsquo;abr\u00e9viation ZPE signifie Soft PolyEthene (Poly\u00e9thyl\u00e8ne souple) et indique que ces tuyaux ont une texture souple, ce qui les rend faciles \u00e0 plier. Outre sa flexibilit\u00e9, ce mat\u00e9riau est \u00e9galement r\u00e9sistant, hydrofuge, isolant et durable. Cela rend l&rsquo;utilisation des tuyaux ZPE id\u00e9ale pour diverses applications Vous voulez en savoir plus sur les tuyaux en tyl\u00e8ne ? Vous retrouverez ici, toutes les informations n\u00e9cessaires dont vous avez besoin !<\/p>\n<h3>Peuvent les tuyaux en tyl\u00e8ne \u00eatre utilis\u00e9s en toute s\u00e9curit\u00e9 pour l&rsquo;eau potable?<\/h3>\n<p>Il existe deux types de tuyaux en tyl\u00e8ne : les tuyaux approuv\u00e9s (KIWA) et les tuyaux non approuv\u00e9s. Le tuyau approuv\u00e9 est g\u00e9n\u00e9ralement adapt\u00e9 pour le transport d&rsquo;eau potable, tandis que celui non approuv\u00e9 ne l&rsquo;est pas. Nous proposons, chez TimaFlex, des tuyaux en tyl\u00e8ne non approuv\u00e9s. Ils ne conviennent donc pas pour l&rsquo;eau potable. En revanche, ces tuyaux en tyl\u00e8ne conviennent en tant qu&rsquo;application agricole pour l&rsquo;eau potable.<\/p>\n<h3>Comment savoir si 40 mm est la bonne taille de tuyau en tyl\u00e8ne?<\/h3>\n<p>Si vous voulez \u00eatre s\u00fbr de commander la bonne taille, lisez ce blog dans lequel nous r\u00e9pondons \u00e0 la question : comment choisir le bon tuyau en tyl\u00e8ne ?<\/p>\n","protected":false},"excerpt":{"rendered":"<p>Quelles utilisations pour le tuyau en tyl\u00e8ne 40 mm? Le tuyau ZPE, \u00e9galement appel\u00e9 tuyau en tyl\u00e8ne ou PE-40, est un type de tuyau en plastique qui convient parfaitement pour l&rsquo;arrosage de votre jardin, au drainage des eaux us\u00e9es, \u00e0 l&rsquo;horticulture et au chauffage des piscines. L&rsquo;abr\u00e9viation ZPE signifie Soft PolyEthene (Poly\u00e9thyl\u00e8ne souple) et indique [&hellip;]<\/p>\n","protected":false},"featured_media":1563,"template":"","meta":[],"product_brand":[],"product_cat":[103],"product_tag":[],"class_list":{"0":"post-3092","1":"product","2":"type-product","3":"status-publish","4":"has-post-thumbnail","6":"product_cat-tuyau-en-tylene","8":"first","9":"instock","10":"taxable","11":"shipping-taxable","12":"purchasable","13":"product-type-variable"},"_links":{"self":[{"href":"https:\/\/tuinflex.nl\/fr\/wp-json\/wp\/v2\/product\/3092","targetHints":{"allow":["GET"]}}],"collection":[{"href":"https:\/\/tuinflex.nl\/fr\/wp-json\/wp\/v2\/product"}],"about":[{"href":"https:\/\/tuinflex.nl\/fr\/wp-json\/wp\/v2\/types\/product"}],"wp:featuredmedia":[{"embeddable":true,"href":"https:\/\/tuinflex.nl\/fr\/wp-json\/wp\/v2\/media\/1563"}],"wp:attachment":[{"href":"https:\/\/tuinflex.nl\/fr\/wp-json\/wp\/v2\/media?parent=3092"}],"wp:term":[{"taxonomy":"product_brand","embeddable":true,"href":"https:\/\/tuinflex.nl\/fr\/wp-json\/wp\/v2\/product_brand?post=3092"},{"taxonomy":"product_cat","embeddable":true,"href":"https:\/\/tuinflex.nl\/fr\/wp-json\/wp\/v2\/product_cat?post=3092"},{"taxonomy":"product_tag","embeddable":true,"href":"https:\/\/tuinflex.nl\/fr\/wp-json\/wp\/v2\/product_tag?post=3092"}],"curies":[{"name":"wp","href":"https:\/\/api.w.org\/{rel}","templated":true}]}}